{"id":89,"date":"2023-02-15T08:24:47","date_gmt":"2023-02-15T08:24:47","guid":{"rendered":"https:\/\/itsensatyollistajanopas.fi\/opas\/?page_id=89"},"modified":"2024-01-15T12:37:01","modified_gmt":"2024-01-15T09:37:01","slug":"kirjasta","status":"publish","type":"page","link":"https:\/\/itsensatyollistajanopas.fi\/opas\/index.php\/kirjasta\/","title":{"rendered":"Kirjasta"},"content":{"rendered":"<p><em>Itsens\u00e4ty\u00f6llist\u00e4j\u00e4n opas<\/em> on tarkoitettu erityisesti aloitteleville itsens\u00e4ty\u00f6llist\u00e4jille. Siihen on koottu t\u00e4rkeit\u00e4 perustietoja ja vinkkej\u00e4 kokeneilta itsens\u00e4ty\u00f6llist\u00e4jilt\u00e4.<\/p>\n<p>Kirjassa kerrotaan itsens\u00e4ty\u00f6llist\u00e4misen eri muodoista ja yritysmuodoista ja siit\u00e4, mit\u00e4 asioita on t\u00e4rke\u00e4 huomioida ennen kuin toimintaa aloittaa. Lis\u00e4ksi annetaan vinkkej\u00e4 asiakashankintaan, jaksamiseen, arkiseen aherrukseen ja oman toiminnan kehitt\u00e4miseen. Talousasioista, vakuutuksista ja verotuksesta annetaan perustiedot ymm\u00e4rrett\u00e4v\u00e4ll\u00e4 tavalla. Kirjan viimeisess\u00e4 luvussa kerrotaan eri alojen itsens\u00e4ty\u00f6llist\u00e4jien kokemuksia.<\/p>\n<h4>Kirjasta ja aiheesta muualla:<\/h4>\n<p>Kirja-arvostelu: Kritiikin uutiset, <a href=\"https:\/\/www.kritiikinuutiset.fi\/2023\/12\/17\/opas-itselliseen-elamaan\/\" target=\"_blank\" rel=\"noopener\">Opas itselliseen el\u00e4m\u00e4\u00e4n<\/a>, Heikki Jokinen (17.12.2023)<\/p>\n<p>Kirjan syntyprosessista ja kootut vinkit itsens\u00e4ty\u00f6llist\u00e4j\u00e4lle K\u00e4\u00e4nt\u00e4j\u00e4mestarit ry:n <a href=\"https:\/\/xn--kntjmestari-l8aacb.fi\/km\/vuodatuksesta-kirjaksi\/\" target=\"_blank\" rel=\"noopener\">blogissa<\/a> (14.11.2023)<\/p>\n<p>Kirja-arvostelu <a href=\"https:\/\/www.sktl.fi\/liitto\/kaantaja-oversattaren-lehti\/kaantaja-oversattaren\/\" target=\"_blank\" rel=\"noopener\">K\u00e4\u00e4nt\u00e4j\u00e4-lehdess\u00e4<\/a> (2\/2023), Hanna Pippuri<\/p>\n<p>Kirja-arvostelu: <a href=\"https:\/\/www.kirjavinkit.fi\/arvostelut\/itsensatyollistajan-opas\/\" target=\"_blank\" rel=\"noopener\">Kirjavinkit<\/a>, Antti Koskinen (30.3.2023)<\/p>\n<p>Itsens\u00e4ty\u00f6llist\u00e4j\u00e4n siirrett\u00e4v\u00e4t taidot <a href=\"https:\/\/kustantamonkuulumisia.blogspot.com\/2023\/03\/hanna-pelttari-itsensatyollistajan.html\" target=\"_blank\" rel=\"noopener\">Kustantajan kuulumisia -blogissa<\/a>, Hanna Pelttari (16.3.2023)<\/p>\n<p>Kirja-arvostelu: <a href=\"https:\/\/ohotv.fi\/2023\/03\/15\/haaveissa-yrittajyys-ota-avuksi-itsensatyollistajan-opas\/\" target=\"_blank\" rel=\"noopener\">Haaveissa yritt\u00e4jyys?<\/a> Jenna Jylh\u00e4 (15.3.2023)<\/p>\n<p>Kauneus &amp; Terveys 4\/2023 Sinin vinkit itsens\u00e4ty\u00f6llist\u00e4j\u00e4n n\u00e4k\u00f6kulmasta jutussa &#8221;<a href=\"https:\/\/www.eeva.fi\/jutut\/hyvat-neuvot-miten-paaset-eroon-vitkuttelusta\" target=\"_blank\" rel=\"noopener\">N\u00e4in p\u00e4\u00e4set eroon vitkuttelusta<\/a>&#8221;, Leena Lukkari (15.3.2023)<\/p>\n<p>Hannan vinkit itsens\u00e4ty\u00f6llist\u00e4j\u00e4lle Suomen Yritt\u00e4j\u00e4t ry:n <a href=\"https:\/\/www.yrittajat.fi\/uutiset\/aloitteleva-yrittaja-nailla-vinkeilla-valtat-alkutaipaleen-sudenkuopat\/\" target=\"_blank\" rel=\"noopener\">sivuilla<\/a>, Kaisu Puranen (23.2.2023)<\/p>\n","protected":false},"excerpt":{"rendered":"<p>Itsens\u00e4ty\u00f6llist\u00e4j\u00e4n opas on tarkoitettu erityisesti aloitteleville itsens\u00e4ty\u00f6llist\u00e4jille. Siihen on koottu t\u00e4rkeit\u00e4 perustietoja ja vinkkej\u00e4 kokeneilta itsens\u00e4ty\u00f6llist\u00e4jilt\u00e4. Kirjassa kerrotaan itsens\u00e4ty\u00f6llist\u00e4misen eri muodoista ja yritysmuodoista ja siit\u00e4, mit\u00e4 asioita on t\u00e4rke\u00e4 huomioida ennen kuin toimintaa aloittaa. Lis\u00e4ksi annetaan vinkkej\u00e4 asiakashankintaan, jaksamiseen, arkiseen aherrukseen ja oman toiminnan kehitt\u00e4miseen. Talousasioista, vakuutuksista ja verotuksesta annetaan perustiedot ymm\u00e4rrett\u00e4v\u00e4ll\u00e4 tavalla. Kirjan viimeisess\u00e4 &hellip; <a href=\"https:\/\/itsensatyollistajanopas.fi\/opas\/index.php\/kirjasta\/\" class=\"more-link\">Jatka artikkeliin <span class=\"screen-reader-text\">Kirjasta<\/span><\/a><\/p>\n","protected":false},"author":1,"featured_media":0,"parent":0,"menu_order":0,"comment_status":"closed","ping_status":"closed","template":"","meta":{"footnotes":""},"class_list":["post-89","page","type-page","status-publish","hentry"],"_links":{"self":[{"href":"https:\/\/itsensatyollistajanopas.fi\/opas\/index.php\/wp-json\/wp\/v2\/pages\/89","targetHints":{"allow":["GET"]}}],"collection":[{"href":"https:\/\/itsensatyollistajanopas.fi\/opas\/index.php\/wp-json\/wp\/v2\/pages"}],"about":[{"href":"https:\/\/itsensatyollistajanopas.fi\/opas\/index.php\/wp-json\/wp\/v2\/types\/page"}],"author":[{"embeddable":true,"href":"https:\/\/itsensatyollistajanopas.fi\/opas\/index.php\/wp-json\/wp\/v2\/users\/1"}],"replies":[{"embeddable":true,"href":"https:\/\/itsensatyollistajanopas.fi\/opas\/index.php\/wp-json\/wp\/v2\/comments?post=89"}],"version-history":[{"count":18,"href":"https:\/\/itsensatyollistajanopas.fi\/opas\/index.php\/wp-json\/wp\/v2\/pages\/89\/revisions"}],"predecessor-version":[{"id":427,"href":"https:\/\/itsensatyollistajanopas.fi\/opas\/index.php\/wp-json\/wp\/v2\/pages\/89\/revisions\/427"}],"wp:attachment":[{"href":"https:\/\/itsensatyollistajanopas.fi\/opas\/index.php\/wp-json\/wp\/v2\/media?parent=89"}],"curies":[{"name":"wp","href":"https:\/\/api.w.org\/{rel}","templated":true}]}}