{"id":19,"date":"2023-02-13T19:56:09","date_gmt":"2023-02-13T19:56:09","guid":{"rendered":"https:\/\/itsensatyollistajanopas.fi\/opas\/?page_id=19"},"modified":"2023-02-16T18:59:47","modified_gmt":"2023-02-16T18:59:47","slug":"kirjoittajat","status":"publish","type":"page","link":"https:\/\/itsensatyollistajanopas.fi\/opas\/index.php\/kirjoittajat\/","title":{"rendered":"Sini Linteri"},"content":{"rendered":"<figure id=\"attachment_33\" aria-describedby=\"caption-attachment-33\" style=\"width: 274px\" class=\"wp-caption alignnone\"><img loading=\"lazy\" decoding=\"async\" class=\"size-medium wp-image-33\" src=\"https:\/\/itsensatyollistajanopas.fi\/opas\/wp-content\/uploads\/2023\/02\/P1010337-274x300.jpg\" alt=\"\" width=\"274\" height=\"300\" srcset=\"https:\/\/itsensatyollistajanopas.fi\/opas\/wp-content\/uploads\/2023\/02\/P1010337-274x300.jpg 274w, https:\/\/itsensatyollistajanopas.fi\/opas\/wp-content\/uploads\/2023\/02\/P1010337-937x1024.jpg 937w, https:\/\/itsensatyollistajanopas.fi\/opas\/wp-content\/uploads\/2023\/02\/P1010337-768x839.jpg 768w, https:\/\/itsensatyollistajanopas.fi\/opas\/wp-content\/uploads\/2023\/02\/P1010337.jpg 1376w\" sizes=\"auto, (max-width: 274px) 100vw, 274px\" \/><figcaption id=\"caption-attachment-33\" class=\"wp-caption-text\">Kuva: Lilli Linteri<\/figcaption><\/figure>\n<p>Rekister\u00f6in itselleni toiminimen opiskeluaikana vuonna 2006, jotta p\u00e4\u00e4sin tekem\u00e4\u00e4n k\u00e4\u00e4nn\u00f6st\u00f6it\u00e4 alihankkijana. L\u00e4hdin yritt\u00e4j\u00e4ksi tavallaan takki auki. Osallistuin kyll\u00e4 valmennuskurssille, mutta en tehnyt kunnollista liiketoimintasuunnitelmaa. Valmennuskurssi antoi jonkinlaiset ev\u00e4\u00e4t alkuun, mutta monta asiaa olen oppinut kantap\u00e4\u00e4n kautta.<\/p>\n<p>Kaikesta huolimatta olen ty\u00f6llist\u00e4nyt itseni yli 15 vuotta tuottamalla kielipalveluita. Nyky\u00e4\u00e4n toimintani on p\u00e4\u00e4osin kirjojen suomentamista ja kustannustoimittajan t\u00f6it\u00e4. Ajattelin ennen yrityksen perustamista, ett\u00e4 yritt\u00e4jyys on v\u00e4liaikainen ratkaisu, mutta nyt n\u00e4en itseni yritt\u00e4j\u00e4n\u00e4 el\u00e4kevuosiin saakka.<\/p>\n<p>Jos p\u00e4\u00e4sisin takaisin alkupisteeseen, panostaisin eri tavalla verkostoitumiseen. Yksin ty\u00f6skentely on tuntunut p\u00e4\u00e4osin hyv\u00e4lt\u00e4, mutta hyvist\u00e4 verkostoista olisi ollut hy\u00f6ty\u00e4. T\u00f6it\u00e4 l\u00f6ytyi onneksi ilman suhteita, kun vain sitke\u00e4sti yritti niit\u00e4 hakea, ja pikkuhiljaa hyvin hoidetut projektit poikivat lis\u00e4\u00e4 t\u00f6it\u00e4 tai suosituksen uudelle asiakkaalle. Verkostojen rakentaminen nollasta on siis mahdollista, mutta vie aikaa.<\/p>\n<p>Yritt\u00e4j\u00e4n\u00e4 voi kehitty\u00e4 jatkuvasti. Yritystoiminnassa voi tehd\u00e4 uusia aluevaltauksia ja kehitt\u00e4\u00e4 omaa ammattitaitoaan haluamaansa suuntaan. Yritt\u00e4jyyteen voi tyk\u00e4sty\u00e4 niin paljon, ett\u00e4 innostuu kehitt\u00e4m\u00e4\u00e4n uusia liikeideoita.<\/p>\n<p><strong>Oma vinkkini aloittelijalle:<\/strong> Tekij\u00e4noikeudenalaiset k\u00e4\u00e4nn\u00f6stulot pit\u00e4\u00e4 muistaa ilmoittaa arvonlis\u00e4veroilmoituksessa nollaverokannassa.<\/p>\n","protected":false},"excerpt":{"rendered":"<p>Rekister\u00f6in itselleni toiminimen opiskeluaikana vuonna 2006, jotta p\u00e4\u00e4sin tekem\u00e4\u00e4n k\u00e4\u00e4nn\u00f6st\u00f6it\u00e4 alihankkijana. L\u00e4hdin yritt\u00e4j\u00e4ksi tavallaan takki auki. Osallistuin kyll\u00e4 valmennuskurssille, mutta en tehnyt kunnollista liiketoimintasuunnitelmaa. Valmennuskurssi antoi jonkinlaiset ev\u00e4\u00e4t alkuun, mutta monta asiaa olen oppinut kantap\u00e4\u00e4n kautta. Kaikesta huolimatta olen ty\u00f6llist\u00e4nyt itseni yli 15 vuotta tuottamalla kielipalveluita. Nyky\u00e4\u00e4n toimintani on p\u00e4\u00e4osin kirjojen suomentamista ja kustannustoimittajan t\u00f6it\u00e4. &hellip; <a href=\"https:\/\/itsensatyollistajanopas.fi\/opas\/index.php\/kirjoittajat\/\" class=\"more-link\">Jatka artikkeliin <span class=\"screen-reader-text\">Sini Linteri<\/span><\/a><\/p>\n","protected":false},"author":1,"featured_media":0,"parent":0,"menu_order":0,"comment_status":"closed","ping_status":"closed","template":"","meta":{"footnotes":""},"class_list":["post-19","page","type-page","status-publish","hentry"],"_links":{"self":[{"href":"https:\/\/itsensatyollistajanopas.fi\/opas\/index.php\/wp-json\/wp\/v2\/pages\/19","targetHints":{"allow":["GET"]}}],"collection":[{"href":"https:\/\/itsensatyollistajanopas.fi\/opas\/index.php\/wp-json\/wp\/v2\/pages"}],"about":[{"href":"https:\/\/itsensatyollistajanopas.fi\/opas\/index.php\/wp-json\/wp\/v2\/types\/page"}],"author":[{"embeddable":true,"href":"https:\/\/itsensatyollistajanopas.fi\/opas\/index.php\/wp-json\/wp\/v2\/users\/1"}],"replies":[{"embeddable":true,"href":"https:\/\/itsensatyollistajanopas.fi\/opas\/index.php\/wp-json\/wp\/v2\/comments?post=19"}],"version-history":[{"count":8,"href":"https:\/\/itsensatyollistajanopas.fi\/opas\/index.php\/wp-json\/wp\/v2\/pages\/19\/revisions"}],"predecessor-version":[{"id":137,"href":"https:\/\/itsensatyollistajanopas.fi\/opas\/index.php\/wp-json\/wp\/v2\/pages\/19\/revisions\/137"}],"wp:attachment":[{"href":"https:\/\/itsensatyollistajanopas.fi\/opas\/index.php\/wp-json\/wp\/v2\/media?parent=19"}],"curies":[{"name":"wp","href":"https:\/\/api.w.org\/{rel}","templated":true}]}}